{"id":8,"date":"2025-03-17T11:32:15","date_gmt":"2025-03-17T11:32:15","guid":{"rendered":"https:\/\/syedfazal.org\/?page_id=8"},"modified":"2025-03-18T19:44:59","modified_gmt":"2025-03-18T19:44:59","slug":"home","status":"publish","type":"page","link":"https:\/\/syedfazal.org\/","title":{"rendered":"Home"},"content":{"rendered":"\t\t<div data-elementor-type=\"wp-page\" data-elementor-id=\"8\" class=\"elementor elementor-8\">\n\t\t\t\t<div class=\"elementor-element elementor-element-350b4b6 e-con-full e-flex e-con e-parent\" data-id=\"350b4b6\" data-element_type=\"container\" data-settings=\"{&quot;background_background&quot;:&quot;classic&quot;}\">\n\t\t\t\t<div class=\"elementor-element elementor-element-f9a0b19 elementor-pagination-position-outside elementor-widget elementor-widget-image-carousel\" data-id=\"f9a0b19\" data-element_type=\"widget\" data-settings=\"{&quot;slides_to_show&quot;:&quot;1&quot;,&quot;navigation&quot;:&quot;dots&quot;,&quot;autoplay_speed&quot;:3000,&quot;effect&quot;:&quot;fade&quot;,&quot;speed&quot;:700,&quot;autoplay&quot;:&quot;yes&quot;,&quot;infinite&quot;:&quot;yes&quot;}\" data-widget_type=\"image-carousel.default\">\n\t\t\t\t<div class=\"elementor-widget-container\">\n\t\t\t\t\t\t\t<div class=\"elementor-image-carousel-wrapper swiper\" role=\"region\" aria-roledescription=\"carousel\" aria-label=\"Image Carousel\" dir=\"ltr\">\n\t\t\t<div class=\"elementor-image-carousel swiper-wrapper\" aria-live=\"off\">\n\t\t\t\t\t\t\t\t<div class=\"swiper-slide\" role=\"group\" aria-roledescription=\"slide\" aria-label=\"1 of 3\"><figure class=\"swiper-slide-inner\"><img decoding=\"async\" class=\"swiper-slide-image\" src=\"https:\/\/syedfazal.org\/wp-content\/uploads\/2025\/03\/poetry-1.png\" alt=\"poetry-1\" \/><\/figure><\/div><div class=\"swiper-slide\" role=\"group\" aria-roledescription=\"slide\" aria-label=\"2 of 3\"><figure class=\"swiper-slide-inner\"><img decoding=\"async\" class=\"swiper-slide-image\" src=\"https:\/\/syedfazal.org\/wp-content\/uploads\/2025\/03\/poetry-2.png\" alt=\"poetry-2\" \/><\/figure><\/div><div class=\"swiper-slide\" role=\"group\" aria-roledescription=\"slide\" aria-label=\"3 of 3\"><figure class=\"swiper-slide-inner\"><img decoding=\"async\" class=\"swiper-slide-image\" src=\"https:\/\/syedfazal.org\/wp-content\/uploads\/2025\/03\/poetry-3.png\" alt=\"poetry-3\" \/><\/figure><\/div>\t\t\t<\/div>\n\t\t\t\t\t\t\t\n\t\t\t\t\t\t\t\t\t<div class=\"swiper-pagination\"><\/div>\n\t\t\t\t\t\t\t\t\t<\/div>\n\t\t\t\t\t\t<\/div>\n\t\t\t\t<\/div>\n\t\t\t\t<\/div>\n\t\t<div class=\"elementor-element elementor-element-8fe60e0 e-flex e-con-boxed e-con e-parent\" data-id=\"8fe60e0\" data-element_type=\"container\" data-settings=\"{&quot;background_background&quot;:&quot;classic&quot;}\">\n\t\t\t\t\t<div class=\"e-con-inner\">\n\t\t<div class=\"elementor-element elementor-element-7c903dc e-con-full e-flex e-con e-child\" data-id=\"7c903dc\" data-element_type=\"container\">\n\t\t\t\t<div class=\"elementor-element elementor-element-2cbe2dc elementor-widget elementor-widget-heading\" data-id=\"2cbe2dc\" data-element_type=\"widget\" data-widget_type=\"heading.default\">\n\t\t\t\t<div class=\"elementor-widget-container\">\n\t\t\t\t\t<h2 class=\"elementor-heading-title elementor-size-default\">About<\/h2>\t\t\t\t<\/div>\n\t\t\t\t<\/div>\n\t\t\t\t<div class=\"elementor-element elementor-element-eea21e7 elementor-widget elementor-widget-heading\" data-id=\"eea21e7\" data-element_type=\"widget\" data-widget_type=\"heading.default\">\n\t\t\t\t<div class=\"elementor-widget-container\">\n\t\t\t\t\t<h2 class=\"elementor-heading-title elementor-size-default\">Syed Fazal<\/h2>\t\t\t\t<\/div>\n\t\t\t\t<\/div>\n\t\t\t\t<div class=\"elementor-element elementor-element-504502b elementor-widget elementor-widget-text-editor\" data-id=\"504502b\" data-element_type=\"widget\" data-widget_type=\"text-editor.default\">\n\t\t\t\t<div class=\"elementor-widget-container\">\n\t\t\t\t\t\t\t\t\tWasif Ali Wasif (R.A) (15 January 1929 \u2013 18 January 1993), a Saint of modern era from Pakistan, well known as educationist, writer, poet, reformer and a mystic intellectual. He was famous for his unique literary style. He used to write short pieces of prose on topics like love, life, fortune, fear, hope, expectation, promise, prayer, happiness, sorrow and so on. Many M Phil and PhD theses have been conducted in various Universities of Pakistan on his life and work,. In one of the theses he is stated as Reformist of Pakistan \u0645\u0635\u0644\u062d\u0650 \u067e\u0627\u06a9\u0633\u062a\u0627\u0646 . As a reformist his work in awakening the nation is considered in continuum with Iqbal.\t\t\t\t\t\t\t\t<\/div>\n\t\t\t\t<\/div>\n\t\t\t\t<\/div>\n\t\t<div class=\"elementor-element elementor-element-b602c28 e-con-full e-flex e-con e-child\" data-id=\"b602c28\" data-element_type=\"container\">\n\t\t\t\t<div class=\"elementor-element elementor-element-2aeed4c elementor-widget elementor-widget-text-editor\" data-id=\"2aeed4c\" data-element_type=\"widget\" data-widget_type=\"text-editor.default\">\n\t\t\t\t<div class=\"elementor-widget-container\">\n\t\t\t\t\t\t\t\t\tHe wrote regular essays, commonly referred as columns, on weekly basis, in Pakistani Urdu newspaper Daily Nawa-i-Waqt\u0646\u0648\u0627\u0626\u06d2 \u0648\u0642\u062a His first ever column entitled \u201cMuhabbat\u201d (love) published in 1984 in literature section of Nawa-i-Waqt, bewildered many in literary circles. In his life, most of his columns were compiledin the forms ofbooks, with his own selected titles, DIL DARYA SAMANDER \u062f\u0644 \u062f\u0631\u06cc\u0627 \u0633\u0645\u0646\u062f\u0631 and QATRA QATRA QALZA \u0642\u0637\u0631\u06c1 \u0642\u0637\u0631\u06c1 \u0642\u0644\u0632\u0645. and HARF HARF HAQEEQAT \u062d\u0631\u0641 \u062d\u0631\u0641 \u062d\u0642\u06cc\u0642\u062a. Probably no contemporary Urdu writer is more cited in quotations than he is. His aphoristic style of writing has become proverbial and a bench mark in Urdu literature, commonly termed as Wasifian Style of prose writing. His is considered a founder of a new thought system called WASFIYAAT \u0648\u0627\u0635\u0641\u06cc\u0627\u062a, a blend of mystic wisdom, ethics and patriotism. He has beautifully amalgamated Pakistanism with mysticism. His Mystic teachings, taking roots directly from Shariah ( Quran and Hadees) represent the inner core and real essence of Islam. He got a gifted art of creating a rainbow of meanings with the help of very few droplets of words. He may be considered the pioneer of aphorism in Urdu literature.\n\n\t\t\t\t\t\t\t\t<\/div>\n\t\t\t\t<\/div>\n\t\t\t\t<\/div>\n\t\t\t\t\t<\/div>\n\t\t\t\t<\/div>\n\t\t<div class=\"elementor-element elementor-element-620ee0a e-flex e-con-boxed e-con e-parent\" data-id=\"620ee0a\" data-element_type=\"container\" data-settings=\"{&quot;background_background&quot;:&quot;classic&quot;}\">\n\t\t\t\t\t<div class=\"e-con-inner\">\n\t\t<div class=\"elementor-element elementor-element-d57fb97 e-con-full e-flex e-con e-child\" data-id=\"d57fb97\" data-element_type=\"container\">\n\t\t\t\t<div class=\"elementor-element elementor-element-c03b4d0 elementor-widget elementor-widget-text-editor\" data-id=\"c03b4d0\" data-element_type=\"widget\" data-widget_type=\"text-editor.default\">\n\t\t\t\t<div class=\"elementor-widget-container\">\n\t\t\t\t\t\t\t\t\t<p>chehre pe mire zulf ko phail\u0101o kis\u012b din<br \/>ky\u0101 roz garajte ho baras jaao kis\u012b din<\/p><p>r\u0101zo\u00f1 k\u012b tarah utro mire dil me\u00f1 kis\u012b shab<br \/>dastak pe mire haath k\u012b khul jaao kis\u012b din<\/p><p>pe\u1e0co\u00f1 k\u012b tarah husn k\u012b b\u0101rish me\u00f1 nah\u0101 luu\u00f1<br \/>b\u0101dal k\u012b tarah jhuum ke ghar aao kis\u012b din<\/p><p>\u1e33hushb\u016b k\u012b tarah guzro mir\u012b dil k\u012b gal\u012b se<br \/>ph\u016blo\u00f1 k\u012b tarah mujh pe bikhar jaao kis\u012b din<\/p>\t\t\t\t\t\t\t\t<\/div>\n\t\t\t\t<\/div>\n\t\t\t\t<div class=\"elementor-element elementor-element-a5abfd0 elementor-align-center elementor-widget elementor-widget-button\" data-id=\"a5abfd0\" data-element_type=\"widget\" data-widget_type=\"button.default\">\n\t\t\t\t<div class=\"elementor-widget-container\">\n\t\t\t\t\t\t\t\t\t<div class=\"elementor-button-wrapper\">\n\t\t\t\t\t<a class=\"elementor-button elementor-button-link elementor-size-sm\" href=\"#\">\n\t\t\t\t\t\t<span class=\"elementor-button-content-wrapper\">\n\t\t\t\t\t\t\t\t\t<span class=\"elementor-button-text\">Read Complete<\/span>\n\t\t\t\t\t<\/span>\n\t\t\t\t\t<\/a>\n\t\t\t\t<\/div>\n\t\t\t\t\t\t\t\t<\/div>\n\t\t\t\t<\/div>\n\t\t\t\t<\/div>\n\t\t<div class=\"elementor-element elementor-element-cde58cf e-con-full e-flex e-con e-child\" data-id=\"cde58cf\" data-element_type=\"container\">\n\t\t\t\t<div class=\"elementor-element elementor-element-b819619 elementor-widget elementor-widget-image\" data-id=\"b819619\" data-element_type=\"widget\" data-widget_type=\"image.default\">\n\t\t\t\t<div class=\"elementor-widget-container\">\n\t\t\t\t\t\t\t\t\t\t\t\t\t\t\t<img fetchpriority=\"high\" decoding=\"async\" width=\"480\" height=\"360\" src=\"https:\/\/syedfazal.org\/wp-content\/uploads\/2025\/03\/hqdefault-1.jpg\" class=\"attachment-large size-large wp-image-85\" alt=\"\" srcset=\"https:\/\/syedfazal.org\/wp-content\/uploads\/2025\/03\/hqdefault-1.jpg 480w, https:\/\/syedfazal.org\/wp-content\/uploads\/2025\/03\/hqdefault-1-300x225.jpg 300w\" sizes=\"(max-width: 480px) 100vw, 480px\" \/>\t\t\t\t\t\t\t\t\t\t\t\t\t\t\t<\/div>\n\t\t\t\t<\/div>\n\t\t\t\t<\/div>\n\t\t\t\t\t<\/div>\n\t\t\t\t<\/div>\n\t\t<div class=\"elementor-element elementor-element-a4de1c0 e-flex e-con-boxed e-con e-parent\" data-id=\"a4de1c0\" data-element_type=\"container\" data-settings=\"{&quot;background_background&quot;:&quot;classic&quot;}\">\n\t\t\t\t\t<div class=\"e-con-inner\">\n\t\t\t\t<div class=\"elementor-element elementor-element-662ff7d elementor-widget elementor-widget-heading\" data-id=\"662ff7d\" data-element_type=\"widget\" data-widget_type=\"heading.default\">\n\t\t\t\t<div class=\"elementor-widget-container\">\n\t\t\t\t\t<h2 class=\"elementor-heading-title elementor-size-default\">Natia kalams of Syed Fazal<\/h2>\t\t\t\t<\/div>\n\t\t\t\t<\/div>\n\t\t<div class=\"elementor-element elementor-element-30791bb e-con-full e-flex e-con e-child\" data-id=\"30791bb\" data-element_type=\"container\">\n\t\t<div class=\"elementor-element elementor-element-0070ce8 e-con-full e-flex e-con e-child\" data-id=\"0070ce8\" data-element_type=\"container\">\n\t\t\t\t<div class=\"elementor-element elementor-element-8a8473d elementor-widget elementor-widget-image\" data-id=\"8a8473d\" data-element_type=\"widget\" data-widget_type=\"image.default\">\n\t\t\t\t<div class=\"elementor-widget-container\">\n\t\t\t\t\t\t\t\t\t\t\t\t\t\t\t<img decoding=\"async\" width=\"260\" height=\"260\" src=\"https:\/\/syedfazal.org\/wp-content\/uploads\/2025\/03\/couplets-of-amjad-islam-amjad_Medium.png\" class=\"attachment-large size-large wp-image-78\" alt=\"\" srcset=\"https:\/\/syedfazal.org\/wp-content\/uploads\/2025\/03\/couplets-of-amjad-islam-amjad_Medium.png 260w, https:\/\/syedfazal.org\/wp-content\/uploads\/2025\/03\/couplets-of-amjad-islam-amjad_Medium-150x150.png 150w\" sizes=\"(max-width: 260px) 100vw, 260px\" \/>\t\t\t\t\t\t\t\t\t\t\t\t\t\t\t<\/div>\n\t\t\t\t<\/div>\n\t\t\t\t<div class=\"elementor-element elementor-element-2bb47fc elementor-widget elementor-widget-heading\" data-id=\"2bb47fc\" data-element_type=\"widget\" data-widget_type=\"heading.default\">\n\t\t\t\t<div class=\"elementor-widget-container\">\n\t\t\t\t\t<h2 class=\"elementor-heading-title elementor-size-default\">Kalam 1<\/h2>\t\t\t\t<\/div>\n\t\t\t\t<\/div>\n\t\t\t\t<\/div>\n\t\t<div class=\"elementor-element elementor-element-e027794 e-con-full e-flex e-con e-child\" data-id=\"e027794\" data-element_type=\"container\">\n\t\t\t\t<div class=\"elementor-element elementor-element-a35ed87 elementor-widget elementor-widget-image\" data-id=\"a35ed87\" data-element_type=\"widget\" data-widget_type=\"image.default\">\n\t\t\t\t<div class=\"elementor-widget-container\">\n\t\t\t\t\t\t\t\t\t\t\t\t\t\t\t<img decoding=\"async\" width=\"260\" height=\"260\" src=\"https:\/\/syedfazal.org\/wp-content\/uploads\/2025\/03\/couplets-of-shakeb-jalali_Medium.png\" class=\"attachment-large size-large wp-image-77\" alt=\"\" srcset=\"https:\/\/syedfazal.org\/wp-content\/uploads\/2025\/03\/couplets-of-shakeb-jalali_Medium.png 260w, https:\/\/syedfazal.org\/wp-content\/uploads\/2025\/03\/couplets-of-shakeb-jalali_Medium-150x150.png 150w\" sizes=\"(max-width: 260px) 100vw, 260px\" \/>\t\t\t\t\t\t\t\t\t\t\t\t\t\t\t<\/div>\n\t\t\t\t<\/div>\n\t\t\t\t<div class=\"elementor-element elementor-element-fb0fbed elementor-widget elementor-widget-heading\" data-id=\"fb0fbed\" data-element_type=\"widget\" data-widget_type=\"heading.default\">\n\t\t\t\t<div class=\"elementor-widget-container\">\n\t\t\t\t\t<h2 class=\"elementor-heading-title elementor-size-default\">Kalam 2<\/h2>\t\t\t\t<\/div>\n\t\t\t\t<\/div>\n\t\t\t\t<\/div>\n\t\t<div class=\"elementor-element elementor-element-b67db35 e-con-full e-flex e-con e-child\" data-id=\"b67db35\" data-element_type=\"container\">\n\t\t\t\t<div class=\"elementor-element elementor-element-0d022be elementor-widget elementor-widget-image\" data-id=\"0d022be\" data-element_type=\"widget\" data-widget_type=\"image.default\">\n\t\t\t\t<div class=\"elementor-widget-container\">\n\t\t\t\t\t\t\t\t\t\t\t\t\t\t\t<img loading=\"lazy\" decoding=\"async\" width=\"260\" height=\"260\" src=\"https:\/\/syedfazal.org\/wp-content\/uploads\/2025\/03\/couplets-of-obaidullah-aleem_Medium.png\" class=\"attachment-large size-large wp-image-76\" alt=\"\" srcset=\"https:\/\/syedfazal.org\/wp-content\/uploads\/2025\/03\/couplets-of-obaidullah-aleem_Medium.png 260w, https:\/\/syedfazal.org\/wp-content\/uploads\/2025\/03\/couplets-of-obaidullah-aleem_Medium-150x150.png 150w\" sizes=\"(max-width: 260px) 100vw, 260px\" \/>\t\t\t\t\t\t\t\t\t\t\t\t\t\t\t<\/div>\n\t\t\t\t<\/div>\n\t\t\t\t<div class=\"elementor-element elementor-element-04edb54 elementor-widget elementor-widget-heading\" data-id=\"04edb54\" data-element_type=\"widget\" data-widget_type=\"heading.default\">\n\t\t\t\t<div class=\"elementor-widget-container\">\n\t\t\t\t\t<h2 class=\"elementor-heading-title elementor-size-default\">Kalam 3<\/h2>\t\t\t\t<\/div>\n\t\t\t\t<\/div>\n\t\t\t\t<\/div>\n\t\t<div class=\"elementor-element elementor-element-ec365a2 e-con-full e-flex e-con e-child\" data-id=\"ec365a2\" data-element_type=\"container\">\n\t\t\t\t<div class=\"elementor-element elementor-element-9bf29b8 elementor-widget elementor-widget-image\" data-id=\"9bf29b8\" data-element_type=\"widget\" data-widget_type=\"image.default\">\n\t\t\t\t<div class=\"elementor-widget-container\">\n\t\t\t\t\t\t\t\t\t\t\t\t\t\t\t<img loading=\"lazy\" decoding=\"async\" width=\"520\" height=\"520\" src=\"https:\/\/syedfazal.org\/wp-content\/uploads\/2025\/03\/couplets-of-abbas-tabish_Medium.png\" class=\"attachment-large size-large wp-image-75\" alt=\"\" srcset=\"https:\/\/syedfazal.org\/wp-content\/uploads\/2025\/03\/couplets-of-abbas-tabish_Medium.png 520w, https:\/\/syedfazal.org\/wp-content\/uploads\/2025\/03\/couplets-of-abbas-tabish_Medium-300x300.png 300w, https:\/\/syedfazal.org\/wp-content\/uploads\/2025\/03\/couplets-of-abbas-tabish_Medium-150x150.png 150w\" sizes=\"(max-width: 520px) 100vw, 520px\" \/>\t\t\t\t\t\t\t\t\t\t\t\t\t\t\t<\/div>\n\t\t\t\t<\/div>\n\t\t\t\t<div class=\"elementor-element elementor-element-1366105 elementor-widget elementor-widget-heading\" data-id=\"1366105\" data-element_type=\"widget\" data-widget_type=\"heading.default\">\n\t\t\t\t<div class=\"elementor-widget-container\">\n\t\t\t\t\t<h2 class=\"elementor-heading-title elementor-size-default\">Kalam 4<\/h2>\t\t\t\t<\/div>\n\t\t\t\t<\/div>\n\t\t\t\t<\/div>\n\t\t\t\t<\/div>\n\t\t<div class=\"elementor-element elementor-element-5ad7561 e-con-full e-flex e-con e-child\" data-id=\"5ad7561\" data-element_type=\"container\">\n\t\t<div class=\"elementor-element elementor-element-e0f52f8 e-con-full e-flex e-con e-child\" data-id=\"e0f52f8\" data-element_type=\"container\">\n\t\t\t\t<div class=\"elementor-element elementor-element-e47ac91 elementor-align-center elementor-widget elementor-widget-button\" data-id=\"e47ac91\" data-element_type=\"widget\" data-widget_type=\"button.default\">\n\t\t\t\t<div class=\"elementor-widget-container\">\n\t\t\t\t\t\t\t\t\t<div class=\"elementor-button-wrapper\">\n\t\t\t\t\t<a class=\"elementor-button elementor-button-link elementor-size-sm\" href=\"#\">\n\t\t\t\t\t\t<span class=\"elementor-button-content-wrapper\">\n\t\t\t\t\t\t\t\t\t<span class=\"elementor-button-text\">Veiw all<\/span>\n\t\t\t\t\t<\/span>\n\t\t\t\t\t<\/a>\n\t\t\t\t<\/div>\n\t\t\t\t\t\t\t\t<\/div>\n\t\t\t\t<\/div>\n\t\t\t\t<\/div>\n\t\t\t\t<\/div>\n\t\t\t\t\t<\/div>\n\t\t\t\t<\/div>\n\t\t<div class=\"elementor-element elementor-element-3307326 e-flex e-con-boxed e-con e-parent\" data-id=\"3307326\" data-element_type=\"container\" data-settings=\"{&quot;background_background&quot;:&quot;classic&quot;}\">\n\t\t\t\t\t<div class=\"e-con-inner\">\n\t\t\t\t<div class=\"elementor-element elementor-element-40b608f elementor-widget elementor-widget-heading\" data-id=\"40b608f\" data-element_type=\"widget\" data-widget_type=\"heading.default\">\n\t\t\t\t<div class=\"elementor-widget-container\">\n\t\t\t\t\t<h2 class=\"elementor-heading-title elementor-size-default\">Books by Syed Fazal<\/h2>\t\t\t\t<\/div>\n\t\t\t\t<\/div>\n\t\t<div class=\"elementor-element elementor-element-4d6ddc7 e-con-full e-flex e-con e-child\" data-id=\"4d6ddc7\" data-element_type=\"container\">\n\t\t<div class=\"elementor-element elementor-element-a1c54f5 e-con-full e-flex e-con e-child\" data-id=\"a1c54f5\" data-element_type=\"container\">\n\t\t\t\t<div class=\"elementor-element elementor-element-843998d elementor-widget elementor-widget-image\" data-id=\"843998d\" data-element_type=\"widget\" data-widget_type=\"image.default\">\n\t\t\t\t<div class=\"elementor-widget-container\">\n\t\t\t\t\t\t\t\t\t\t\t\t\t\t\t<img loading=\"lazy\" decoding=\"async\" width=\"162\" height=\"307\" src=\"https:\/\/syedfazal.org\/wp-content\/uploads\/2025\/03\/sec03-book01-1.png\" class=\"attachment-large size-large wp-image-103\" alt=\"\" srcset=\"https:\/\/syedfazal.org\/wp-content\/uploads\/2025\/03\/sec03-book01-1.png 162w, https:\/\/syedfazal.org\/wp-content\/uploads\/2025\/03\/sec03-book01-1-158x300.png 158w\" sizes=\"(max-width: 162px) 100vw, 162px\" \/>\t\t\t\t\t\t\t\t\t\t\t\t\t\t\t<\/div>\n\t\t\t\t<\/div>\n\t\t\t\t<\/div>\n\t\t<div class=\"elementor-element elementor-element-8b9bb4e e-con-full e-flex e-con e-child\" data-id=\"8b9bb4e\" data-element_type=\"container\">\n\t\t\t\t<div class=\"elementor-element elementor-element-fc49ede elementor-widget elementor-widget-image\" data-id=\"fc49ede\" data-element_type=\"widget\" data-widget_type=\"image.default\">\n\t\t\t\t<div class=\"elementor-widget-container\">\n\t\t\t\t\t\t\t\t\t\t\t\t\t\t\t<img loading=\"lazy\" decoding=\"async\" width=\"162\" height=\"307\" src=\"https:\/\/syedfazal.org\/wp-content\/uploads\/2025\/03\/sec03-book02.png\" class=\"attachment-large size-large wp-image-102\" alt=\"\" srcset=\"https:\/\/syedfazal.org\/wp-content\/uploads\/2025\/03\/sec03-book02.png 162w, https:\/\/syedfazal.org\/wp-content\/uploads\/2025\/03\/sec03-book02-158x300.png 158w\" sizes=\"(max-width: 162px) 100vw, 162px\" \/>\t\t\t\t\t\t\t\t\t\t\t\t\t\t\t<\/div>\n\t\t\t\t<\/div>\n\t\t\t\t<\/div>\n\t\t<div class=\"elementor-element elementor-element-210f04b e-con-full e-flex e-con e-child\" data-id=\"210f04b\" data-element_type=\"container\">\n\t\t\t\t<div class=\"elementor-element elementor-element-ca0d073 elementor-widget elementor-widget-image\" data-id=\"ca0d073\" data-element_type=\"widget\" data-widget_type=\"image.default\">\n\t\t\t\t<div class=\"elementor-widget-container\">\n\t\t\t\t\t\t\t\t\t\t\t\t\t\t\t<img loading=\"lazy\" decoding=\"async\" width=\"162\" height=\"307\" src=\"https:\/\/syedfazal.org\/wp-content\/uploads\/2025\/03\/sec03-book03.png\" class=\"attachment-large size-large wp-image-101\" alt=\"\" srcset=\"https:\/\/syedfazal.org\/wp-content\/uploads\/2025\/03\/sec03-book03.png 162w, https:\/\/syedfazal.org\/wp-content\/uploads\/2025\/03\/sec03-book03-158x300.png 158w\" sizes=\"(max-width: 162px) 100vw, 162px\" \/>\t\t\t\t\t\t\t\t\t\t\t\t\t\t\t<\/div>\n\t\t\t\t<\/div>\n\t\t\t\t<\/div>\n\t\t<div class=\"elementor-element elementor-element-11cd74a e-con-full e-flex e-con e-child\" data-id=\"11cd74a\" data-element_type=\"container\">\n\t\t\t\t<div class=\"elementor-element elementor-element-e026e02 elementor-widget elementor-widget-image\" data-id=\"e026e02\" data-element_type=\"widget\" data-widget_type=\"image.default\">\n\t\t\t\t<div class=\"elementor-widget-container\">\n\t\t\t\t\t\t\t\t\t\t\t\t\t\t\t<img loading=\"lazy\" decoding=\"async\" width=\"162\" height=\"307\" src=\"https:\/\/syedfazal.org\/wp-content\/uploads\/2025\/03\/sec03-book04.png\" class=\"attachment-large size-large wp-image-100\" alt=\"\" srcset=\"https:\/\/syedfazal.org\/wp-content\/uploads\/2025\/03\/sec03-book04.png 162w, https:\/\/syedfazal.org\/wp-content\/uploads\/2025\/03\/sec03-book04-158x300.png 158w\" sizes=\"(max-width: 162px) 100vw, 162px\" \/>\t\t\t\t\t\t\t\t\t\t\t\t\t\t\t<\/div>\n\t\t\t\t<\/div>\n\t\t\t\t<\/div>\n\t\t<div class=\"elementor-element elementor-element-0c150b7 e-con-full e-flex e-con e-child\" data-id=\"0c150b7\" data-element_type=\"container\">\n\t\t\t\t<div class=\"elementor-element elementor-element-051faab elementor-widget elementor-widget-image\" data-id=\"051faab\" data-element_type=\"widget\" data-widget_type=\"image.default\">\n\t\t\t\t<div class=\"elementor-widget-container\">\n\t\t\t\t\t\t\t\t\t\t\t\t\t\t\t<img loading=\"lazy\" decoding=\"async\" width=\"162\" height=\"307\" src=\"https:\/\/syedfazal.org\/wp-content\/uploads\/2025\/03\/sec03-book05.png\" class=\"attachment-large size-large wp-image-99\" alt=\"\" srcset=\"https:\/\/syedfazal.org\/wp-content\/uploads\/2025\/03\/sec03-book05.png 162w, https:\/\/syedfazal.org\/wp-content\/uploads\/2025\/03\/sec03-book05-158x300.png 158w\" sizes=\"(max-width: 162px) 100vw, 162px\" \/>\t\t\t\t\t\t\t\t\t\t\t\t\t\t\t<\/div>\n\t\t\t\t<\/div>\n\t\t\t\t<\/div>\n\t\t<div class=\"elementor-element elementor-element-d021aea e-con-full e-flex e-con e-child\" data-id=\"d021aea\" data-element_type=\"container\">\n\t\t\t\t<div class=\"elementor-element elementor-element-99d3119 elementor-widget elementor-widget-image\" data-id=\"99d3119\" data-element_type=\"widget\" data-widget_type=\"image.default\">\n\t\t\t\t<div class=\"elementor-widget-container\">\n\t\t\t\t\t\t\t\t\t\t\t\t\t\t\t<img loading=\"lazy\" decoding=\"async\" width=\"162\" height=\"307\" src=\"https:\/\/syedfazal.org\/wp-content\/uploads\/2025\/03\/sec03-book06.png\" class=\"attachment-large size-large wp-image-98\" alt=\"\" srcset=\"https:\/\/syedfazal.org\/wp-content\/uploads\/2025\/03\/sec03-book06.png 162w, https:\/\/syedfazal.org\/wp-content\/uploads\/2025\/03\/sec03-book06-158x300.png 158w\" sizes=\"(max-width: 162px) 100vw, 162px\" \/>\t\t\t\t\t\t\t\t\t\t\t\t\t\t\t<\/div>\n\t\t\t\t<\/div>\n\t\t\t\t<\/div>\n\t\t\t\t<\/div>\n\t\t\t\t\t<\/div>\n\t\t\t\t<\/div>\n\t\t\t\t<\/div>\n\t\t","protected":false},"excerpt":{"rendered":"<p>About Syed Fazal Wasif Ali Wasif (R.A) (15 January 1929 \u2013 18 January 1993), a Saint of modern era from [&hellip;]<\/p>\n","protected":false},"author":1,"featured_media":0,"parent":0,"menu_order":0,"comment_status":"closed","ping_status":"closed","template":"","meta":{"site-sidebar-layout":"no-sidebar","site-content-layout":"","ast-site-content-layout":"full-width-container","site-content-style":"default","site-sidebar-style":"default","ast-global-header-display":"","ast-banner-title-visibility":"","ast-main-header-display":"","ast-hfb-above-header-display":"","ast-hfb-below-header-display":"","ast-hfb-mobile-header-display":"","site-post-title":"disabled","ast-breadcrumbs-content":"","ast-featured-img":"disabled","footer-sml-layout":"","theme-transparent-header-meta":"","adv-header-id-meta":"","stick-header-meta":"","header-above-stick-meta":"","header-main-stick-meta":"","header-below-stick-meta":"","astra-migrate-meta-layouts":"default","ast-page-background-enabled":"default","ast-page-background-meta":{"desktop":{"background-color":"var(--ast-global-color-5)","background-image":"","background-repeat":"repeat","background-position":"center center","background-size":"auto","background-attachment":"scroll","background-type":"","background-media":"","overlay-type":"","overlay-color":"","overlay-opacity":"","overlay-gradient":""},"tablet":{"background-color":"","background-image":"","background-repeat":"repeat","background-position":"center center","background-size":"auto","background-attachment":"scroll","background-type":"","background-media":"","overlay-type":"","overlay-color":"","overlay-opacity":"","overlay-gradient":""},"mobile":{"background-color":"","background-image":"","background-repeat":"repeat","background-position":"center center","background-size":"auto","background-attachment":"scroll","background-type":"","background-media":"","overlay-type":"","overlay-color":"","overlay-opacity":"","overlay-gradient":""}},"ast-content-background-meta":{"desktop":{"background-color":"var(--ast-global-color-4)","background-image":"","background-repeat":"repeat","background-position":"center center","background-size":"auto","background-attachment":"scroll","background-type":"","background-media":"","overlay-type":"","overlay-color":"","overlay-opacity":"","overlay-gradient":""},"tablet":{"background-color":"var(--ast-global-color-4)","background-image":"","background-repeat":"repeat","background-position":"center center","background-size":"auto","background-attachment":"scroll","background-type":"","background-media":"","overlay-type":"","overlay-color":"","overlay-opacity":"","overlay-gradient":""},"mobile":{"background-color":"var(--ast-global-color-4)","background-image":"","background-repeat":"repeat","background-position":"center center","background-size":"auto","background-attachment":"scroll","background-type":"","background-media":"","overlay-type":"","overlay-color":"","overlay-opacity":"","overlay-gradient":""}},"footnotes":""},"class_list":["post-8","page","type-page","status-publish","hentry"],"_links":{"self":[{"href":"https:\/\/syedfazal.org\/index.php\/wp-json\/wp\/v2\/pages\/8","targetHints":{"allow":["GET"]}}],"collection":[{"href":"https:\/\/syedfazal.org\/index.php\/wp-json\/wp\/v2\/pages"}],"about":[{"href":"https:\/\/syedfazal.org\/index.php\/wp-json\/wp\/v2\/types\/page"}],"author":[{"embeddable":true,"href":"https:\/\/syedfazal.org\/index.php\/wp-json\/wp\/v2\/users\/1"}],"replies":[{"embeddable":true,"href":"https:\/\/syedfazal.org\/index.php\/wp-json\/wp\/v2\/comments?post=8"}],"version-history":[{"count":67,"href":"https:\/\/syedfazal.org\/index.php\/wp-json\/wp\/v2\/pages\/8\/revisions"}],"predecessor-version":[{"id":121,"href":"https:\/\/syedfazal.org\/index.php\/wp-json\/wp\/v2\/pages\/8\/revisions\/121"}],"wp:attachment":[{"href":"https:\/\/syedfazal.org\/index.php\/wp-json\/wp\/v2\/media?parent=8"}],"curies":[{"name":"wp","href":"https:\/\/api.w.org\/{rel}","templated":true}]}}